{"id":148,"date":"2025-02-24T18:30:55","date_gmt":"2025-02-24T18:30:55","guid":{"rendered":"https:\/\/drarielfarias.com.br\/novo\/?page_id=148"},"modified":"2025-11-12T01:38:33","modified_gmt":"2025-11-12T01:38:33","slug":"quem-somos","status":"publish","type":"page","link":"https:\/\/drarielfarias.com.br\/novo\/quem-somos\/","title":{"rendered":"Quem somos"},"content":{"rendered":"\t\t<div data-elementor-type=\"wp-page\" data-elementor-id=\"148\" class=\"elementor elementor-148\">\n\t\t\t\t<div class=\"elementor-element elementor-element-e0d8394 e-flex e-con-boxed e-con e-parent\" data-id=\"e0d8394\" data-element_type=\"container\" data-e-type=\"container\" data-settings=\"{&quot;background_background&quot;:&quot;classic&quot;}\">\n\t\t\t\t\t<div class=\"e-con-inner\">\n\t\t<div class=\"elementor-element elementor-element-459aae7c e-flex e-con-boxed e-con e-child\" data-id=\"459aae7c\" data-element_type=\"container\" data-e-type=\"container\" data-settings=\"{&quot;background_background&quot;:&quot;classic&quot;}\">\n\t\t\t\t\t<div class=\"e-con-inner\">\n\t\t\t\t<div class=\"elementor-element elementor-element-2305d11b elementor-hidden-desktop elementor-hidden-tablet elementor-hidden-mobile elementor-widget elementor-widget-heading\" data-id=\"2305d11b\" data-element_type=\"widget\" data-e-type=\"widget\" data-widget_type=\"heading.default\">\n\t\t\t\t<div class=\"elementor-widget-container\">\n\t\t\t\t\t<h1 class=\"elementor-heading-title elementor-size-default\">Heading<\/h1>\t\t\t\t<\/div>\n\t\t\t\t<\/div>\n\t\t\t\t<div class=\"elementor-element elementor-element-1ddfd498 elementor-widget elementor-widget-heading\" data-id=\"1ddfd498\" data-element_type=\"widget\" data-e-type=\"widget\" data-widget_type=\"heading.default\">\n\t\t\t\t<div class=\"elementor-widget-container\">\n\t\t\t\t\t<h4 class=\"elementor-heading-title elementor-size-default\">Na nossa cl\u00ednica, cada sorriso \u00e9 \u00fanico e cada paciente merece um atendimento que vai al\u00e9m da odontologia tradicional. <\/h4>\t\t\t\t<\/div>\n\t\t\t\t<\/div>\n\t\t\t\t\t<\/div>\n\t\t\t\t<\/div>\n\t\t\t\t\t<\/div>\n\t\t\t\t<\/div>\n\t\t<div class=\"elementor-element elementor-element-a49cdc1 e-flex e-con-boxed e-con e-parent\" data-id=\"a49cdc1\" data-element_type=\"container\" data-e-type=\"container\" data-settings=\"{&quot;background_background&quot;:&quot;classic&quot;}\">\n\t\t\t\t\t<div class=\"e-con-inner\">\n\t\t<div class=\"elementor-element elementor-element-50abc874 e-con-full e-flex e-con e-child\" data-id=\"50abc874\" data-element_type=\"container\" data-e-type=\"container\" data-settings=\"{&quot;background_background&quot;:&quot;classic&quot;}\">\n\t\t<div class=\"elementor-element elementor-element-7db16f0c e-con-full e-flex e-con e-child\" data-id=\"7db16f0c\" data-element_type=\"container\" data-e-type=\"container\">\n\t\t\t\t<div class=\"elementor-element elementor-element-3e918d02 elementor-widget elementor-widget-image\" data-id=\"3e918d02\" data-element_type=\"widget\" data-e-type=\"widget\" data-widget_type=\"image.default\">\n\t\t\t\t<div class=\"elementor-widget-container\">\n\t\t\t\t\t\t\t\t\t\t\t\t\t\t\t<img fetchpriority=\"high\" decoding=\"async\" width=\"651\" height=\"801\" src=\"https:\/\/drarielfarias.com.br\/novo\/wp-content\/uploads\/2025\/02\/FOTO-__-DAR-2-CLIQUES-NA-MINIATURA-PARA-ABRIR-A-CAMADA.png\" class=\"attachment-full size-full wp-image-152\" alt=\"\" srcset=\"https:\/\/drarielfarias.com.br\/novo\/wp-content\/uploads\/2025\/02\/FOTO-__-DAR-2-CLIQUES-NA-MINIATURA-PARA-ABRIR-A-CAMADA.png 651w, https:\/\/drarielfarias.com.br\/novo\/wp-content\/uploads\/2025\/02\/FOTO-__-DAR-2-CLIQUES-NA-MINIATURA-PARA-ABRIR-A-CAMADA-244x300.png 244w\" sizes=\"(max-width: 651px) 100vw, 651px\" \/>\t\t\t\t\t\t\t\t\t\t\t\t\t\t\t<\/div>\n\t\t\t\t<\/div>\n\t\t\t\t<\/div>\n\t\t<div class=\"elementor-element elementor-element-4a842a5f e-con-full e-flex e-con e-child\" data-id=\"4a842a5f\" data-element_type=\"container\" data-e-type=\"container\">\n\t\t\t\t<div class=\"elementor-element elementor-element-6591cea1 elementor-widget elementor-widget-heading\" data-id=\"6591cea1\" data-element_type=\"widget\" data-e-type=\"widget\" data-widget_type=\"heading.default\">\n\t\t\t\t<div class=\"elementor-widget-container\">\n\t\t\t\t\t<h3 class=\"elementor-heading-title elementor-size-default\">Acreditamos que transformar sorrisos \u00e9, acima de tudo, transformar vidas. <\/h3>\t\t\t\t<\/div>\n\t\t\t\t<\/div>\n\t\t\t\t<div class=\"elementor-element elementor-element-1b196491 elementor-widget elementor-widget-text-editor\" data-id=\"1b196491\" data-element_type=\"widget\" data-e-type=\"widget\" data-widget_type=\"text-editor.default\">\n\t\t\t\t<div class=\"elementor-widget-container\">\n\t\t\t\t\t\t\t\t\t<p>O Dr. Ariel Farias busca entender as expectativas, desejos e necessidades individuais de cada paciente, criando um plano de tratamento personalizado que une tecnologia avan\u00e7ada, ci\u00eancia e uma abordagem humanizada.<\/p><p><br \/>Nossa filosofia \u00e9 centrada no paciente, porque acreditamos que um sorriso ideal reflete a ess\u00eancia de quem voc\u00ea \u00e9, respeitando suas caracter\u00edsticas e sua individualidade.<\/p><p><br \/>O Dr. Ariel investe tempo e aten\u00e7\u00e3o a cada detalhe, buscando sempre o equil\u00edbrio entre est\u00e9tica e funcionalidade, para que cada paciente saia da nossa cl\u00ednica com mais do que um sorriso bonito \u2013 com confian\u00e7a renovada.<\/p><p><br \/><strong>Sua satisfa\u00e7\u00e3o e bem-estar s\u00e3o nossa prioridade.<\/strong><\/p>\t\t\t\t\t\t\t\t<\/div>\n\t\t\t\t<\/div>\n\t\t\t\t<div class=\"elementor-element elementor-element-2c8e3251 elementor-widget__width-initial elementor-widget elementor-widget-button\" data-id=\"2c8e3251\" data-element_type=\"widget\" data-e-type=\"widget\" data-widget_type=\"button.default\">\n\t\t\t\t<div class=\"elementor-widget-container\">\n\t\t\t\t\t\t\t\t\t<div class=\"elementor-button-wrapper\">\n\t\t\t\t\t<a class=\"elementor-button elementor-button-link elementor-size-sm\" href=\"https:\/\/api.whatsapp.com\/send\/?phone=5567996069900&#038;text=Oi+Dr.+Ariel+Farias%2C+estou+em+seu+site+e+gostaria+de+agendar+uma+consulta%21&#038;type=phone_number&#038;app_absent=0\">\n\t\t\t\t\t\t<span class=\"elementor-button-content-wrapper\">\n\t\t\t\t\t\t\t\t\t<span class=\"elementor-button-text\">AGENDAR CONSULTA<\/span>\n\t\t\t\t\t<\/span>\n\t\t\t\t\t<\/a>\n\t\t\t\t<\/div>\n\t\t\t\t\t\t\t\t<\/div>\n\t\t\t\t<\/div>\n\t\t\t\t<\/div>\n\t\t\t\t<\/div>\n\t\t\t\t\t<\/div>\n\t\t\t\t<\/div>\n\t\t<div class=\"elementor-element elementor-element-5bb3230b e-flex e-con-boxed e-con e-parent\" data-id=\"5bb3230b\" data-element_type=\"container\" data-e-type=\"container\" data-settings=\"{&quot;background_background&quot;:&quot;classic&quot;}\">\n\t\t\t\t\t<div class=\"e-con-inner\">\n\t\t\t\t\t<\/div>\n\t\t\t\t<\/div>\n\t\t<div class=\"elementor-element elementor-element-dbc70e2 e-con-full e-flex e-con e-parent\" data-id=\"dbc70e2\" data-element_type=\"container\" data-e-type=\"container\" data-settings=\"{&quot;background_background&quot;:&quot;classic&quot;}\">\n\t\t<div class=\"elementor-element elementor-element-00c3877 e-con-full e-flex e-con e-child\" data-id=\"00c3877\" data-element_type=\"container\" data-e-type=\"container\" data-settings=\"{&quot;background_background&quot;:&quot;classic&quot;}\">\n\t\t\t\t<div class=\"elementor-element elementor-element-ab2419f elementor-widget elementor-widget-image\" data-id=\"ab2419f\" data-element_type=\"widget\" data-e-type=\"widget\" data-widget_type=\"image.default\">\n\t\t\t\t<div class=\"elementor-widget-container\">\n\t\t\t\t\t\t\t\t\t\t\t\t\t\t\t<img decoding=\"async\" width=\"736\" height=\"748\" src=\"https:\/\/drarielfarias.com.br\/novo\/wp-content\/uploads\/2025\/02\/DR-ARIEL-QUEM-SOMOS.png\" class=\"attachment-large size-large wp-image-269\" alt=\"\" srcset=\"https:\/\/drarielfarias.com.br\/novo\/wp-content\/uploads\/2025\/02\/DR-ARIEL-QUEM-SOMOS.png 736w, https:\/\/drarielfarias.com.br\/novo\/wp-content\/uploads\/2025\/02\/DR-ARIEL-QUEM-SOMOS-295x300.png 295w\" sizes=\"(max-width: 736px) 100vw, 736px\" \/>\t\t\t\t\t\t\t\t\t\t\t\t\t\t\t<\/div>\n\t\t\t\t<\/div>\n\t\t\t\t<\/div>\n\t\t<div class=\"elementor-element elementor-element-00f45f9 e-con-full e-flex e-con e-child\" data-id=\"00f45f9\" data-element_type=\"container\" data-e-type=\"container\" data-settings=\"{&quot;background_background&quot;:&quot;classic&quot;}\">\n\t\t<div class=\"elementor-element elementor-element-50e123e e-con-full e-flex e-con e-child\" data-id=\"50e123e\" data-element_type=\"container\" data-e-type=\"container\">\n\t\t\t\t<div class=\"elementor-element elementor-element-4e98265 elementor-widget elementor-widget-heading\" data-id=\"4e98265\" data-element_type=\"widget\" data-e-type=\"widget\" data-widget_type=\"heading.default\">\n\t\t\t\t<div class=\"elementor-widget-container\">\n\t\t\t\t\t<h2 class=\"elementor-heading-title elementor-size-default\">Dr. Ariel Farias<\/h2>\t\t\t\t<\/div>\n\t\t\t\t<\/div>\n\t\t\t\t<div class=\"elementor-element elementor-element-4bb742a elementor-widget__width-initial elementor-widget elementor-widget-text-editor\" data-id=\"4bb742a\" data-element_type=\"widget\" data-e-type=\"widget\" data-widget_type=\"text-editor.default\">\n\t\t\t\t<div class=\"elementor-widget-container\">\n\t\t\t\t\t\t\t\t\t<p>Com forma\u00e7\u00e3o s\u00f3lida e especializa\u00e7\u00f5es nacionais e internacionais, o Dr. Ariel Farias se mant\u00e9m em constante atualiza\u00e7\u00e3o para incorporar as mais recentes inova\u00e7\u00f5es tecnol\u00f3gicas em seus tratamentos.<br \/><br \/>Foi professor no IOA Campo Grande: Lentes de contato clinical: do anal\u00f3gico ao digital e Atualiza\u00e7\u00e3o Master em Est\u00e9tica e Digital;<\/p><p>Professor do curso Odontologia Est\u00e9tica na Associa\u00e7\u00e3o Brasileira de Odontologia ABO &#8211; Campo Grande;<\/p>\t\t\t\t\t\t\t\t<\/div>\n\t\t\t\t<\/div>\n\t\t\t\t<div class=\"elementor-element elementor-element-018b080 elementor-position-left elementor-vertical-align-middle elementor-widget__width-initial elementor-widget elementor-widget-image-box\" data-id=\"018b080\" data-element_type=\"widget\" data-e-type=\"widget\" data-widget_type=\"image-box.default\">\n\t\t\t\t<div class=\"elementor-widget-container\">\n\t\t\t\t\t<div class=\"elementor-image-box-wrapper\"><figure class=\"elementor-image-box-img\"><img decoding=\"async\" width=\"50\" height=\"50\" src=\"https:\/\/drarielfarias.com.br\/novo\/wp-content\/uploads\/2025\/03\/checked-copiar-3.png\" class=\"attachment-full size-full wp-image-292\" alt=\"\" \/><\/figure><div class=\"elementor-image-box-content\"><p class=\"elementor-image-box-description\">Especialista em Implantodontia - ABCD-MS 2004;<\/p><\/div><\/div>\t\t\t\t<\/div>\n\t\t\t\t<\/div>\n\t\t\t\t<div class=\"elementor-element elementor-element-a07907d elementor-position-left elementor-vertical-align-middle elementor-widget__width-initial elementor-widget elementor-widget-image-box\" data-id=\"a07907d\" data-element_type=\"widget\" data-e-type=\"widget\" data-widget_type=\"image-box.default\">\n\t\t\t\t<div class=\"elementor-widget-container\">\n\t\t\t\t\t<div class=\"elementor-image-box-wrapper\"><figure class=\"elementor-image-box-img\"><img decoding=\"async\" width=\"50\" height=\"50\" src=\"https:\/\/drarielfarias.com.br\/novo\/wp-content\/uploads\/2025\/03\/checked-copiar-3.png\" class=\"attachment-full size-full wp-image-292\" alt=\"\" \/><\/figure><div class=\"elementor-image-box-content\"><p class=\"elementor-image-box-description\">Habilita\u00e7\u00e3o em Lasers na Odontologia - Conselho Federal de Odontologia 2002;<\/p><\/div><\/div>\t\t\t\t<\/div>\n\t\t\t\t<\/div>\n\t\t\t\t<div class=\"elementor-element elementor-element-ca8bfad elementor-position-left elementor-vertical-align-middle elementor-widget__width-initial elementor-widget elementor-widget-image-box\" data-id=\"ca8bfad\" data-element_type=\"widget\" data-e-type=\"widget\" data-widget_type=\"image-box.default\">\n\t\t\t\t<div class=\"elementor-widget-container\">\n\t\t\t\t\t<div class=\"elementor-image-box-wrapper\"><figure class=\"elementor-image-box-img\"><img decoding=\"async\" width=\"50\" height=\"50\" src=\"https:\/\/drarielfarias.com.br\/novo\/wp-content\/uploads\/2025\/03\/checked-copiar-3.png\" class=\"attachment-full size-full wp-image-292\" alt=\"\" \/><\/figure><div class=\"elementor-image-box-content\"><p class=\"elementor-image-box-description\">Habilita\u00e7\u00e3o seda\u00e7\u00e3o consciente (\u00f3xido nitroso) - Conselho Regional de Odontologia - MS 2002;<\/p><\/div><\/div>\t\t\t\t<\/div>\n\t\t\t\t<\/div>\n\t\t\t\t<div class=\"elementor-element elementor-element-0dafe8c elementor-position-left elementor-vertical-align-middle elementor-widget__width-initial elementor-widget elementor-widget-image-box\" data-id=\"0dafe8c\" data-element_type=\"widget\" data-e-type=\"widget\" data-widget_type=\"image-box.default\">\n\t\t\t\t<div class=\"elementor-widget-container\">\n\t\t\t\t\t<div class=\"elementor-image-box-wrapper\"><figure class=\"elementor-image-box-img\"><img decoding=\"async\" width=\"50\" height=\"50\" src=\"https:\/\/drarielfarias.com.br\/novo\/wp-content\/uploads\/2025\/03\/checked-copiar-3.png\" class=\"attachment-full size-full wp-image-292\" alt=\"\" \/><\/figure><div class=\"elementor-image-box-content\"><p class=\"elementor-image-box-description\">Mestre em Odontologia pela Universidade Federal do Mato Grosso do Sul;<\/p><\/div><\/div>\t\t\t\t<\/div>\n\t\t\t\t<\/div>\n\t\t\t\t<div class=\"elementor-element elementor-element-0286ab8 elementor-position-left elementor-vertical-align-middle elementor-widget__width-initial elementor-widget elementor-widget-image-box\" data-id=\"0286ab8\" data-element_type=\"widget\" data-e-type=\"widget\" data-widget_type=\"image-box.default\">\n\t\t\t\t<div class=\"elementor-widget-container\">\n\t\t\t\t\t<div class=\"elementor-image-box-wrapper\"><figure class=\"elementor-image-box-img\"><img decoding=\"async\" width=\"50\" height=\"50\" src=\"https:\/\/drarielfarias.com.br\/novo\/wp-content\/uploads\/2025\/03\/checked-copiar-3.png\" class=\"attachment-full size-full wp-image-292\" alt=\"\" \/><\/figure><div class=\"elementor-image-box-content\"><p class=\"elementor-image-box-description\">Professor do curso de Est\u00e9tica Odontol\u00f3gica da ABO Campo Grande;<\/p><\/div><\/div>\t\t\t\t<\/div>\n\t\t\t\t<\/div>\n\t\t\t\t<div class=\"elementor-element elementor-element-a2489f5 elementor-position-left elementor-vertical-align-middle elementor-widget__width-initial elementor-widget elementor-widget-image-box\" data-id=\"a2489f5\" data-element_type=\"widget\" data-e-type=\"widget\" data-widget_type=\"image-box.default\">\n\t\t\t\t<div class=\"elementor-widget-container\">\n\t\t\t\t\t<div class=\"elementor-image-box-wrapper\"><figure class=\"elementor-image-box-img\"><img decoding=\"async\" width=\"50\" height=\"50\" src=\"https:\/\/drarielfarias.com.br\/novo\/wp-content\/uploads\/2025\/03\/checked-copiar-3.png\" class=\"attachment-full size-full wp-image-292\" alt=\"\" \/><\/figure><div class=\"elementor-image-box-content\"><p class=\"elementor-image-box-description\">Professor no IOA Campo Grande: Lentes de contato clinical: do anal\u00f3gico ao digital e Atualiza\u00e7\u00e3o Master em Est\u00e9tica e Digital;<\/p><\/div><\/div>\t\t\t\t<\/div>\n\t\t\t\t<\/div>\n\t\t\t\t<div class=\"elementor-element elementor-element-1a0c117 elementor-position-left elementor-vertical-align-middle elementor-widget__width-initial elementor-widget elementor-widget-image-box\" data-id=\"1a0c117\" data-element_type=\"widget\" data-e-type=\"widget\" data-widget_type=\"image-box.default\">\n\t\t\t\t<div class=\"elementor-widget-container\">\n\t\t\t\t\t<div class=\"elementor-image-box-wrapper\"><figure class=\"elementor-image-box-img\"><img decoding=\"async\" width=\"50\" height=\"50\" src=\"https:\/\/drarielfarias.com.br\/novo\/wp-content\/uploads\/2025\/03\/checked-copiar-3.png\" class=\"attachment-full size-full wp-image-292\" alt=\"\" \/><\/figure><div class=\"elementor-image-box-content\"><p class=\"elementor-image-box-description\">Co-autor do livro Odontologia digital - Protocolos clinico e laboratorial.<\/p><\/div><\/div>\t\t\t\t<\/div>\n\t\t\t\t<\/div>\n\t\t\t\t<\/div>\n\t\t\t\t<\/div>\n\t\t\t\t<\/div>\n\t\t\t\t<\/div>\n\t\t","protected":false},"excerpt":{"rendered":"<p>Heading Na nossa cl\u00ednica, cada sorriso \u00e9 \u00fanico e cada paciente merece um atendimento que vai al\u00e9m da odontologia tradicional. Acreditamos que transformar sorrisos \u00e9, acima de tudo, transformar vidas. O Dr. Ariel Farias busca entender as expectativas, desejos e necessidades individuais de cada paciente, criando um plano de tratamento personalizado que une tecnologia avan\u00e7ada, [&hellip;]<\/p>\n","protected":false},"author":2,"featured_media":0,"parent":0,"menu_order":0,"comment_status":"closed","ping_status":"closed","template":"elementor_header_footer","meta":{"footnotes":""},"class_list":["post-148","page","type-page","status-publish","hentry"],"_links":{"self":[{"href":"https:\/\/drarielfarias.com.br\/novo\/wp-json\/wp\/v2\/pages\/148","targetHints":{"allow":["GET"]}}],"collection":[{"href":"https:\/\/drarielfarias.com.br\/novo\/wp-json\/wp\/v2\/pages"}],"about":[{"href":"https:\/\/drarielfarias.com.br\/novo\/wp-json\/wp\/v2\/types\/page"}],"author":[{"embeddable":true,"href":"https:\/\/drarielfarias.com.br\/novo\/wp-json\/wp\/v2\/users\/2"}],"replies":[{"embeddable":true,"href":"https:\/\/drarielfarias.com.br\/novo\/wp-json\/wp\/v2\/comments?post=148"}],"version-history":[{"count":61,"href":"https:\/\/drarielfarias.com.br\/novo\/wp-json\/wp\/v2\/pages\/148\/revisions"}],"predecessor-version":[{"id":606,"href":"https:\/\/drarielfarias.com.br\/novo\/wp-json\/wp\/v2\/pages\/148\/revisions\/606"}],"wp:attachment":[{"href":"https:\/\/drarielfarias.com.br\/novo\/wp-json\/wp\/v2\/media?parent=148"}],"curies":[{"name":"wp","href":"https:\/\/api.w.org\/{rel}","templated":true}]}}