{"id":188,"date":"2025-02-24T22:06:44","date_gmt":"2025-02-24T22:06:44","guid":{"rendered":"https:\/\/drarielfarias.com.br\/novo\/?page_id=188"},"modified":"2025-06-24T17:52:21","modified_gmt":"2025-06-24T17:52:21","slug":"reabilitacao-oral","status":"publish","type":"page","link":"https:\/\/drarielfarias.com.br\/novo\/reabilitacao-oral\/","title":{"rendered":"Reabilita\u00e7\u00e3o Oral"},"content":{"rendered":"\t\t<div data-elementor-type=\"wp-page\" data-elementor-id=\"188\" class=\"elementor elementor-188\">\n\t\t\t\t<div class=\"elementor-element elementor-element-7fb4b179 e-flex e-con-boxed e-con e-parent\" data-id=\"7fb4b179\" data-element_type=\"container\" data-e-type=\"container\" data-settings=\"{&quot;background_background&quot;:&quot;classic&quot;}\">\n\t\t\t\t\t<div class=\"e-con-inner\">\n\t\t<div class=\"elementor-element elementor-element-6844a4db e-flex e-con-boxed e-con e-child\" data-id=\"6844a4db\" data-element_type=\"container\" data-e-type=\"container\" data-settings=\"{&quot;background_background&quot;:&quot;classic&quot;}\">\n\t\t\t\t\t<div class=\"e-con-inner\">\n\t\t\t\t<div class=\"elementor-element elementor-element-1c96b74 elementor-widget elementor-widget-heading\" data-id=\"1c96b74\" data-element_type=\"widget\" data-e-type=\"widget\" data-widget_type=\"heading.default\">\n\t\t\t\t<div class=\"elementor-widget-container\">\n\t\t\t\t\t<h2 class=\"elementor-heading-title elementor-size-default\">Reabilita\u00e7\u00e3o Oral<\/h2>\t\t\t\t<\/div>\n\t\t\t\t<\/div>\n\t\t\t\t<div class=\"elementor-element elementor-element-fcec8b8 elementor-widget elementor-widget-heading\" data-id=\"fcec8b8\" data-element_type=\"widget\" data-e-type=\"widget\" data-widget_type=\"heading.default\">\n\t\t\t\t<div class=\"elementor-widget-container\">\n\t\t\t\t\t<div class=\"elementor-heading-title elementor-size-default\">Recuperando a fun\u00e7\u00e3o e est\u00e9tica do seu sorriso.<\/div>\t\t\t\t<\/div>\n\t\t\t\t<\/div>\n\t\t\t\t\t<\/div>\n\t\t\t\t<\/div>\n\t\t\t\t\t<\/div>\n\t\t\t\t<\/div>\n\t\t<div class=\"elementor-element elementor-element-20b237e4 e-flex e-con-boxed e-con e-parent\" data-id=\"20b237e4\" data-element_type=\"container\" data-e-type=\"container\" data-settings=\"{&quot;background_background&quot;:&quot;classic&quot;}\">\n\t\t\t\t\t<div class=\"e-con-inner\">\n\t\t<div class=\"elementor-element elementor-element-20370104 e-con-full e-flex e-con e-child\" data-id=\"20370104\" data-element_type=\"container\" data-e-type=\"container\">\n\t\t\t\t<div class=\"elementor-element elementor-element-2cbeb7e elementor-widget elementor-widget-image\" data-id=\"2cbeb7e\" data-element_type=\"widget\" data-e-type=\"widget\" data-widget_type=\"image.default\">\n\t\t\t\t<div class=\"elementor-widget-container\">\n\t\t\t\t\t\t\t\t\t\t\t\t\t\t\t<img fetchpriority=\"high\" decoding=\"async\" width=\"800\" height=\"453\" src=\"https:\/\/drarielfarias.com.br\/novo\/wp-content\/uploads\/2025\/05\/DR_ARIEL_IMAGEM_PAGINA_TRATAMENTOS_REABILITACAO_ORAL_V2.png\" class=\"attachment-large size-large wp-image-544\" alt=\"\" srcset=\"https:\/\/drarielfarias.com.br\/novo\/wp-content\/uploads\/2025\/05\/DR_ARIEL_IMAGEM_PAGINA_TRATAMENTOS_REABILITACAO_ORAL_V2.png 948w, https:\/\/drarielfarias.com.br\/novo\/wp-content\/uploads\/2025\/05\/DR_ARIEL_IMAGEM_PAGINA_TRATAMENTOS_REABILITACAO_ORAL_V2-300x170.png 300w, https:\/\/drarielfarias.com.br\/novo\/wp-content\/uploads\/2025\/05\/DR_ARIEL_IMAGEM_PAGINA_TRATAMENTOS_REABILITACAO_ORAL_V2-768x435.png 768w\" sizes=\"(max-width: 800px) 100vw, 800px\" \/>\t\t\t\t\t\t\t\t\t\t\t\t\t\t\t<\/div>\n\t\t\t\t<\/div>\n\t\t\t\t<div class=\"elementor-element elementor-element-e428466 elementor-widget elementor-widget-heading\" data-id=\"e428466\" data-element_type=\"widget\" data-e-type=\"widget\" data-widget_type=\"heading.default\">\n\t\t\t\t<div class=\"elementor-widget-container\">\n\t\t\t\t\t<div class=\"elementor-heading-title elementor-size-default\">Reabilita\u00e7\u00e3o Oral<\/div>\t\t\t\t<\/div>\n\t\t\t\t<\/div>\n\t\t\t\t<div class=\"elementor-element elementor-element-5fc28980 elementor-widget elementor-widget-text-editor\" data-id=\"5fc28980\" data-element_type=\"widget\" data-e-type=\"widget\" data-widget_type=\"text-editor.default\">\n\t\t\t\t<div class=\"elementor-widget-container\">\n\t\t\t\t\t\t\t\t\t<p>Com expertise e tecnologia, na cl\u00ednica do Dr. Ariel Farias os pacientes encontram solu\u00e7\u00f5es completas para restabelecer fun\u00e7\u00e3o e est\u00e9tica, cuidando da sa\u00fade oral de forma integral. Assim, \u00e9 poss\u00edvel devolver ao paciente o prazer em sorrir e se alimentar, com autoestima e bem-estar.<\/p><p>Com um protocolo exclusivo que alia precis\u00e3o digital e fabrica\u00e7\u00e3o instant\u00e2nea de pr\u00f3teses, possibilita que coroas e facetas sejam confeccionadas com o m\u00e1ximo de precis\u00e3o e muita agilidade.<\/p><p><strong>Como \u00e9 feita:<\/strong><\/p><p>O tratamento \u00e9 totalmente personalizado e pode incluir implantes dent\u00e1rios, pr\u00f3teses fixas ou remov\u00edveis, coroas, facetas e restaura\u00e7\u00f5es, dependendo das necessidades do paciente. Utilizamos recursos digitais para planejamento preciso, garantindo um resultado funcional e harm\u00f4nico.<\/p><p><strong>Tempo de recupera\u00e7\u00e3o:<\/strong><\/p><p>Varia de acordo com a complexidade do tratamento. Procedimentos simples podem ter recupera\u00e7\u00e3o imediata, enquanto casos mais extensos podem exigir algumas semanas a meses.<\/p><p><strong>Vantagens:<\/strong><\/p><ul><li>Recupera\u00e7\u00e3o completa da mastiga\u00e7\u00e3o e fala;<\/li><li>Melhora est\u00e9tica do sorriso;<\/li><li>Aumento da autoestima e bem-estar;<\/li><li>Solu\u00e7\u00e3o duradoura e funcional para casos de desgaste, perda ou aus\u00eancia de dentes.<\/li><\/ul>\t\t\t\t\t\t\t\t<\/div>\n\t\t\t\t<\/div>\n\t\t\t\t<\/div>\n\t\t<div class=\"elementor-element elementor-element-58552d2c e-con-full e-flex e-con e-child\" data-id=\"58552d2c\" data-element_type=\"container\" data-e-type=\"container\">\n\t\t<div class=\"elementor-element elementor-element-35b1e62d e-con-full e-flex e-con e-child\" data-id=\"35b1e62d\" data-element_type=\"container\" data-e-type=\"container\" data-settings=\"{&quot;background_background&quot;:&quot;classic&quot;}\">\n\t\t\t\t<div class=\"elementor-element elementor-element-422c25e0 elementor-widget elementor-widget-heading\" data-id=\"422c25e0\" data-element_type=\"widget\" data-e-type=\"widget\" data-widget_type=\"heading.default\">\n\t\t\t\t<div class=\"elementor-widget-container\">\n\t\t\t\t\t<div class=\"elementor-heading-title elementor-size-default\">Conquiste a melhor vers\u00e3o do seu sorriso com o m\u00e1ximo de expertise e tecnologia!<\/div>\t\t\t\t<\/div>\n\t\t\t\t<\/div>\n\t\t\t\t<div class=\"elementor-element elementor-element-56ce3a7 elementor-align-center elementor-widget elementor-widget-button\" data-id=\"56ce3a7\" data-element_type=\"widget\" data-e-type=\"widget\" data-widget_type=\"button.default\">\n\t\t\t\t<div class=\"elementor-widget-container\">\n\t\t\t\t\t\t\t\t\t<div class=\"elementor-button-wrapper\">\n\t\t\t\t\t<a class=\"elementor-button elementor-button-link elementor-size-md\" href=\"https:\/\/api.whatsapp.com\/send\/?phone=5567996069900&#038;text=Oi+Dr.+Ariel+Farias%2C+estou+em+seu+site+e+gostaria+de+agendar+uma+consulta%21&#038;type=phone_number&#038;app_absent=0\">\n\t\t\t\t\t\t<span class=\"elementor-button-content-wrapper\">\n\t\t\t\t\t\t\t\t\t<span class=\"elementor-button-text\">Entre em contato<\/span>\n\t\t\t\t\t<\/span>\n\t\t\t\t\t<\/a>\n\t\t\t\t<\/div>\n\t\t\t\t\t\t\t\t<\/div>\n\t\t\t\t<\/div>\n\t\t\t\t<\/div>\n\t\t\t\t<\/div>\n\t\t\t\t\t<\/div>\n\t\t\t\t<\/div>\n\t\t<div class=\"elementor-element elementor-element-5c4b059 e-flex e-con-boxed e-con e-parent\" data-id=\"5c4b059\" data-element_type=\"container\" data-e-type=\"container\" data-settings=\"{&quot;background_background&quot;:&quot;classic&quot;}\">\n\t\t\t\t\t<div class=\"e-con-inner\">\n\t\t<div class=\"elementor-element elementor-element-b48fa47 e-flex e-con-boxed e-con e-child\" data-id=\"b48fa47\" data-element_type=\"container\" data-e-type=\"container\">\n\t\t\t\t\t<div class=\"e-con-inner\">\n\t\t\t\t<div class=\"elementor-element elementor-element-f0a1fc3 elementor-widget elementor-widget-heading\" data-id=\"f0a1fc3\" data-element_type=\"widget\" data-e-type=\"widget\" data-widget_type=\"heading.default\">\n\t\t\t\t<div class=\"elementor-widget-container\">\n\t\t\t\t\t<h2 class=\"elementor-heading-title elementor-size-default\">Cada paciente \u00e9 \u00fanico!<\/h2>\t\t\t\t<\/div>\n\t\t\t\t<\/div>\n\t\t\t\t<div class=\"elementor-element elementor-element-a26bd9c elementor-widget elementor-widget-text-editor\" data-id=\"a26bd9c\" data-element_type=\"widget\" data-e-type=\"widget\" data-widget_type=\"text-editor.default\">\n\t\t\t\t<div class=\"elementor-widget-container\">\n\t\t\t\t\t\t\t\t\t<p>Em nossa cl\u00ednica, cada sorriso conta uma hist\u00f3ria e cada paciente merece um atendimento individualizado que vai al\u00e9m da simples odontologia.<\/p>\t\t\t\t\t\t\t\t<\/div>\n\t\t\t\t<\/div>\n\t\t\t\t<div class=\"elementor-element elementor-element-b21f91c elementor-align-center elementor-widget elementor-widget-button\" data-id=\"b21f91c\" data-element_type=\"widget\" data-e-type=\"widget\" data-widget_type=\"button.default\">\n\t\t\t\t<div class=\"elementor-widget-container\">\n\t\t\t\t\t\t\t\t\t<div class=\"elementor-button-wrapper\">\n\t\t\t\t\t<a class=\"elementor-button elementor-button-link elementor-size-md\" href=\"https:\/\/api.whatsapp.com\/send\/?phone=5567996069900&#038;text=Oi+Dr.+Ariel+Farias%2C+estou+em+seu+site+e+gostaria+de+agendar+uma+consulta%21&#038;type=phone_number&#038;app_absent=0\">\n\t\t\t\t\t\t<span class=\"elementor-button-content-wrapper\">\n\t\t\t\t\t\t\t\t\t<span class=\"elementor-button-text\">Entre em contato agora! <\/span>\n\t\t\t\t\t<\/span>\n\t\t\t\t\t<\/a>\n\t\t\t\t<\/div>\n\t\t\t\t\t\t\t\t<\/div>\n\t\t\t\t<\/div>\n\t\t\t\t\t<\/div>\n\t\t\t\t<\/div>\n\t\t\t\t\t<\/div>\n\t\t\t\t<\/div>\n\t\t<div class=\"elementor-element elementor-element-51586a8 e-flex e-con-boxed e-con e-parent\" data-id=\"51586a8\" data-element_type=\"container\" data-e-type=\"container\" data-settings=\"{&quot;background_background&quot;:&quot;classic&quot;}\">\n\t\t\t\t\t<div class=\"e-con-inner\">\n\t\t<div class=\"elementor-element elementor-element-ae37e7b e-con-full e-flex e-con e-child\" data-id=\"ae37e7b\" data-element_type=\"container\" data-e-type=\"container\">\n\t\t\t\t<div class=\"elementor-element elementor-element-e977342 elementor-widget elementor-widget-heading\" data-id=\"e977342\" data-element_type=\"widget\" data-e-type=\"widget\" data-widget_type=\"heading.default\">\n\t\t\t\t<div class=\"elementor-widget-container\">\n\t\t\t\t\t<h2 class=\"elementor-heading-title elementor-size-default\">Tratamentos individualizados<\/h2>\t\t\t\t<\/div>\n\t\t\t\t<\/div>\n\t\t\t\t<div class=\"elementor-element elementor-element-4ca7e61 elementor-widget-mobile__width-initial elementor-widget elementor-widget-text-editor\" data-id=\"4ca7e61\" data-element_type=\"widget\" data-e-type=\"widget\" data-widget_type=\"text-editor.default\">\n\t\t\t\t<div class=\"elementor-widget-container\">\n\t\t\t\t\t\t\t\t\t<p>O nosso compromisso com a qualidade come\u00e7a com a primeira consulta, onde buscamos entender as expectativas e necessidades espec\u00edficas de cada pessoa.<\/p><p>A partir da\u00ed, desenvolvemos um plano de tratamento que combina o que h\u00e1 de mais moderno na odontologia com uma abordagem humanizada e acolhedora.<\/p>\t\t\t\t\t\t\t\t<\/div>\n\t\t\t\t<\/div>\n\t\t\t\t<\/div>\n\t\t\t\t\t<\/div>\n\t\t\t\t<\/div>\n\t\t\t\t<\/div>\n\t\t","protected":false},"excerpt":{"rendered":"<p>Reabilita\u00e7\u00e3o Oral Recuperando a fun\u00e7\u00e3o e est\u00e9tica do seu sorriso. Reabilita\u00e7\u00e3o Oral Com expertise e tecnologia, na cl\u00ednica do Dr. Ariel Farias os pacientes encontram solu\u00e7\u00f5es completas para restabelecer fun\u00e7\u00e3o e est\u00e9tica, cuidando da sa\u00fade oral de forma integral. Assim, \u00e9 poss\u00edvel devolver ao paciente o prazer em sorrir e se alimentar, com autoestima e [&hellip;]<\/p>\n","protected":false},"author":2,"featured_media":0,"parent":0,"menu_order":0,"comment_status":"closed","ping_status":"closed","template":"elementor_header_footer","meta":{"footnotes":""},"class_list":["post-188","page","type-page","status-publish","hentry"],"_links":{"self":[{"href":"https:\/\/drarielfarias.com.br\/novo\/wp-json\/wp\/v2\/pages\/188","targetHints":{"allow":["GET"]}}],"collection":[{"href":"https:\/\/drarielfarias.com.br\/novo\/wp-json\/wp\/v2\/pages"}],"about":[{"href":"https:\/\/drarielfarias.com.br\/novo\/wp-json\/wp\/v2\/types\/page"}],"author":[{"embeddable":true,"href":"https:\/\/drarielfarias.com.br\/novo\/wp-json\/wp\/v2\/users\/2"}],"replies":[{"embeddable":true,"href":"https:\/\/drarielfarias.com.br\/novo\/wp-json\/wp\/v2\/comments?post=188"}],"version-history":[{"count":40,"href":"https:\/\/drarielfarias.com.br\/novo\/wp-json\/wp\/v2\/pages\/188\/revisions"}],"predecessor-version":[{"id":591,"href":"https:\/\/drarielfarias.com.br\/novo\/wp-json\/wp\/v2\/pages\/188\/revisions\/591"}],"wp:attachment":[{"href":"https:\/\/drarielfarias.com.br\/novo\/wp-json\/wp\/v2\/media?parent=188"}],"curies":[{"name":"wp","href":"https:\/\/api.w.org\/{rel}","templated":true}]}}